{"id":1352,"date":"2022-01-14T07:28:23","date_gmt":"2022-01-14T06:28:23","guid":{"rendered":"https:\/\/dimedia.pl\/?page_id=1352"},"modified":"2022-01-14T12:08:02","modified_gmt":"2022-01-14T11:08:02","slug":"oferta-ilustracje","status":"publish","type":"page","link":"https:\/\/dimedia.pl\/index.php\/oferta-ilustracje\/","title":{"rendered":"Oferta ilustracje"},"content":{"rendered":"<style>\/*! elementor - v3.5.0 - 12-12-2021 *\/\n.elementor-heading-title{padding:0;margin:0;line-height:1}.elementor-widget-heading .elementor-heading-title[class*=elementor-size-]>a{color:inherit;font-size:inherit;line-height:inherit}.elementor-widget-heading .elementor-heading-title.elementor-size-small{font-size:15px}.elementor-widget-heading .elementor-heading-title.elementor-size-medium{font-size:19px}.elementor-widget-heading .elementor-heading-title.elementor-size-large{font-size:29px}.elementor-widget-heading .elementor-heading-title.elementor-size-xl{font-size:39px}.elementor-widget-heading .elementor-heading-title.elementor-size-xxl{font-size:59px}<\/style>\n<h2>Szukaj\u0105 Pa\u0144stwo jednorazowego projektu? <br \/>A mo\u017ce potrzebna jest sp\u00f3jna, rozbudowana kampania reklamowa, kt\u00f3ra na ka\u017cdym etapie b\u0119dzie powierzona specjalistom?<\/h2>\n<h2>Jeste\u015bmy wielozadaniowi. Realizujemy zar\u00f3wno drobne, pojedyncze zlecenia, jak i du\u017ce, skomplikowane projekty.<\/h2>\n<h2>Wi\u0119cej informacji<\/h2>\n<h2>Nasza oferta<\/h2>\n<style>\/*! elementor - v3.5.0 - 12-12-2021 *\/\n.elementor-widget-image-box .elementor-image-box-content{width:100%}@media (min-width:768px){.elementor-widget-image-box.elementor-position-left .elementor-image-box-wrapper,.elementor-widget-image-box.elementor-position-right .elementor-image-box-wrapper{display:-webkit-box;display:-ms-flexbox;display:flex}.elementor-widget-image-box.elementor-position-right .elementor-image-box-wrapper{text-align:right;-webkit-box-orient:horizontal;-webkit-box-direction:reverse;-ms-flex-direction:row-reverse;flex-direction:row-reverse}.elementor-widget-image-box.elementor-position-left .elementor-image-box-wrapper{text-align:left;-webkit-box-orient:horizontal;-webkit-box-direction:normal;-ms-flex-direction:row;flex-direction:row}.elementor-widget-image-box.elementor-position-top .elementor-image-box-img{margin:auto}.elementor-widget-image-box.elementor-vertical-align-top .elementor-image-box-wrapper{-webkit-box-align:start;-ms-flex-align:start;align-items:flex-start}.elementor-widget-image-box.elementor-vertical-align-middle .elementor-image-box-wrapper{-webkit-box-align:center;-ms-flex-align:center;align-items:center}.elementor-widget-image-box.elementor-vertical-align-bottom .elementor-image-box-wrapper{-webkit-box-align:end;-ms-flex-align:end;align-items:flex-end}}@media (max-width:767px){.elementor-widget-image-box .elementor-image-box-img{margin-left:auto!important;margin-right:auto!important;margin-bottom:15px}}.elementor-widget-image-box .elementor-image-box-img{display:inline-block}.elementor-widget-image-box .elementor-image-box-title a{color:inherit}.elementor-widget-image-box .elementor-image-box-wrapper{text-align:center}.elementor-widget-image-box .elementor-image-box-description{margin:0}<\/style>\n<figure><img decoding=\"async\" width=\"562\" height=\"561\" src=\"https:\/\/dimedia.pl\/wp-content\/uploads\/2022\/01\/1807.i216.043.P.m005.c20.coworking_set-Przekonwertowany-eksport-10.png\" alt=\"\" loading=\"lazy\" \/><\/figure>\n<h3>Komunikacja zewn\u0119trzna i wewn\u0119trzna<\/h3>\n<p>Oryginalny pomys\u0142, ambitna wizja, \u015bmia\u0142y plan \u2013 to podstawa sukcesu. R\u00f3wnie wa\u017cne s\u0105 jednak umiej\u0119tne przygotowanie i pracoch\u0142onna realizacja. Opracujemy dla Pa\u0144stwa sp\u00f3jny koncept budowania i promowania marki, tak by dotrze\u0107 do grupy docelowej oraz odpowiednio wyeksponowa\u0107 warto\u015b\u0107 i potencja\u0142 oferty. Pomo\u017cemy wprowadzi\u0107 na rynek, a nast\u0119pnie wypromowa\u0107 nowe produkty i us\u0142ugi oraz dobra\u0107 w\u0142a\u015bciwe narz\u0119dzia komunikacji.\u200b<\/p>\n<figure><img decoding=\"async\" width=\"608\" height=\"614\" src=\"https:\/\/dimedia.pl\/wp-content\/uploads\/2022\/01\/1807.i216.043.P.m005.c20.coworking_set-Przekonwertowany-eksport-12.png\" alt=\"\" loading=\"lazy\" \/><\/figure>\n<h3>Marketing internetowy<\/h3>\n<p>Trudno sobie wyobrazi\u0107 efektywne funkcjonowanie wsp\u00f3\u0142czesnej firmy bez marketingu internetowego. Obecno\u015b\u0107 w mediach spo\u0142eczno\u015bciowych to obecno\u015b\u0107 w \u015bwiadomo\u015bci klient\u00f3w \u2013 pozwala utrzymywa\u0107 z nimi kontakt, na bie\u017c\u0105co informowa\u0107 o swoich dzia\u0142aniach, promowa\u0107 ofert\u0119 oraz podnosi\u0107 sprzeda\u017c. Powierzaj\u0105c nam ten aspekt swojej dzia\u0142alno\u015bci, mog\u0105 Pa\u0144stwo by\u0107 pewni, \u017ce skutecznie wykorzystamy potencja\u0142 tych narz\u0119dzi.<\/p>\n<figure><img decoding=\"async\" width=\"616\" height=\"549\" src=\"https:\/\/dimedia.pl\/wp-content\/uploads\/2022\/01\/1807.i216.043.P.m005.c20.coworking_set-Przekonwertowany-eksport-02.png\" alt=\"\" loading=\"lazy\" \/><\/figure>\n<h3>Materia\u0142y filmowe i animacje<\/h3>\n<p>To dynamicznie rozwijaj\u0105ce si\u0119 dziedzina marketingu, kt\u00f3ra w biznesie ma obecnie coraz wi\u0119ksze znaczenie. Filmy i animacje nie s\u0105 ju\u017c tylko luksusem wielkich firm, ale standardem w nowoczesnej komunikacji. W ramach naszej dzia\u0142alno\u015bci zapewniamy profesjonalne przygotowanie tych form reklamy.<\/p>\n<figure><img decoding=\"async\" width=\"566\" height=\"527\" src=\"https:\/\/dimedia.pl\/wp-content\/uploads\/2022\/01\/1807.i216.043.P.m005.c20.coworking_set-Przekonwertowany-eksport-06.png\" alt=\"\" loading=\"lazy\" \/><\/figure>\n<h3>Projektowanie graficzne<\/h3>\n<p>Sukces marki to nie tylko dobry produkt, ale te\u017c odpowiednia identyfikacja wizualna. Kreatywny, ciekawy i w\u0142a\u015bciwie zrealizowany projekt graficzny pozwala si\u0119 wyr\u00f3\u017cni\u0107, budzi emocje, \u201eopowiada\u201d o firmie, buduje \u015bwiadomo\u015b\u0107 marki u odbiorc\u00f3w. Jako\u015b\u0107 Pa\u0144stwa materia\u0142\u00f3w graficznych \u015bwiadczy o jako\u015b\u0107 Pa\u0144stwa oferty. Powierzaj\u0105c nam t\u0119 dziedzin\u0119, mog\u0105 Pa\u0144stwo spokojnie skupi\u0107 si\u0119 na swojej pracy, a nasi specjali\u015bci zadbaj\u0105 o stron\u0119 wizualn\u0105 wszelkich form prezentacji jej efekt\u00f3w.  <\/p>\n<figure><img decoding=\"async\" width=\"614\" height=\"625\" src=\"https:\/\/dimedia.pl\/wp-content\/uploads\/2022\/01\/1807.i216.043.P.m005.c20.coworking_set-Przekonwertowany-eksport-09.png\" alt=\"\" loading=\"lazy\" \/><\/figure>\n<h3>Dzia\u0142alno\u015b\u0107 wydawnicza i druk<\/h3>\n<p>Tradycyjne publikacje nadal stanowi\u0105 wa\u017cny element biznesu, a rozwojowi medi\u00f3w elektronicznych niezmiennie towarzyszy rozw\u00f3j jako\u015bci materia\u0142\u00f3w drukowanych. Nasze wieloletnie do\u015bwiadczenie w bran\u017cy wydawniczej i dziennikarskiej pozwala nam profesjonalne przeprowadza\u0107 dla naszych Klient\u00f3w ca\u0142y proces wydawniczy i oddawa\u0107 w ich r\u0119ce starannie opracowane publikacje, niezale\u017cnie od tego, czy to niewielka broszura, gazeta bran\u017cowa, czy te\u017c obszerny album.<\/p>\n<figure><img decoding=\"async\" width=\"532\" height=\"541\" src=\"https:\/\/dimedia.pl\/wp-content\/uploads\/2022\/01\/1807.i216.043.P.m005.c20.coworking_set-Przekonwertowany-eksport-08.png\" alt=\"\" loading=\"lazy\" \/><\/figure>\n<h3>Materia\u0142y reklamowe<\/h3>\n<p>Ka\u017cda forma promocji \u2013 niezale\u017cnie od tego, czy to gad\u017cet dla klient\u00f3w, prosty baner, odzie\u017c reklamowa czy te\u017c rozbudowane stoisko handlowe \u2013 wymaga kreatywnego podej\u015bcia i staranno\u015bci, bo \u015bwiadczy o Pa\u0144stwa firmie. Maj\u0105c t\u0119 \u015bwiadomo\u015b\u0107, przygotowujemy materia\u0142y z dba\u0142o\u015bci\u0105 o ka\u017cdy drobiazg, tak by efekt ko\u0144cowy by\u0142 odpowiednio dopracowany i atrakcyjny. <\/p>\n<figure><img decoding=\"async\" width=\"671\" height=\"504\" src=\"https:\/\/dimedia.pl\/wp-content\/uploads\/2022\/01\/1807.i216.043.P.m005.c20.coworking_set-Przekonwertowany-eksport-07.png\" alt=\"\" loading=\"lazy\" \/><\/figure>\n<h3>Budowanie program\u00f3w spo\u0142ecznych<\/h3>\n<p>Ka\u017cdy biznes funkcjonuje w swoim spo\u0142ecznym \u015brodowisku. Wsz\u0119dzie tam, gdzie biznes spotyka si\u0119 ze sfer\u0105 spo\u0142eczn\u0105, trzeba dzia\u0142a\u0107 odpowiedzialnie i rozwa\u017cnie, dlatego nasze do\u015bwiadczenie w organizacji program\u00f3w grantowych, realizacji spo\u0142ecznych inicjatyw czy te\u017c kampanii edukacyjnych, mo\u017ce okaza\u0107 si\u0119 dla Pa\u0144stwa istotn\u0105 warto\u015bci\u0105.<\/p>\n<figure><img decoding=\"async\" width=\"622\" height=\"573\" src=\"https:\/\/dimedia.pl\/wp-content\/uploads\/2022\/01\/1807.i216.043.P.m005.c20.coworking_set-Przekonwertowany-eksport-04.png\" alt=\"\" loading=\"lazy\" \/><\/figure>\n<h3>Copywriting<\/h3>\n<p>W skutecznej komunikacji wa\u017cne s\u0105 zar\u00f3wno obraz, jak i s\u0142owo. Kreatywne, warto\u015bciowe tre\u015bci buduj\u0105 wizerunek marki, zwi\u0119kszaj\u0105 zainteresowanie produktami i us\u0142ugami, odpowiadaj\u0105 na potrzeby odbiorc\u00f3w, anga\u017cuj\u0105 ich, a tak\u017ce pozwalaj\u0105 stworzy\u0107 oraz podtrzymywa\u0107 z nimi relacj\u0119. Oferujemy us\u0142ugi tekstowe z zakresu content marketingu. Tworzymy tre\u015bci m.in. na materia\u0142y reklamowe, strony internetowe, blogi, social media, a tak\u017ce artyku\u0142y eksperckie, prezentacje, newslettery.<br \/>Realizuj\u0105c zlecenia na materia\u0142y promocyjne, dbamy o to, by ka\u017cdorazowo strona wizualna i tekstowa wsp\u00f3\u0142gra\u0142y ze sob\u0105, buduj\u0105c sp\u00f3jny, skuteczny przekaz.  <\/p>\n<figure><img decoding=\"async\" width=\"582\" height=\"498\" src=\"https:\/\/dimedia.pl\/wp-content\/uploads\/2022\/01\/1807.i216.043.P.m005.c20.coworking_set-Przekonwertowany-eksport-05.png\" alt=\"\" loading=\"lazy\" \/><\/figure>\n<h3>Wyposa\u017cenie biur i firm<\/h3>\n<p>W ramach naszej agencji pod szyldem \u201eOfficium\u201d prowadzimy dzia\u0142alno\u015b\u0107 z zakresu kompleksowego wyposa\u017cania biur.<\/p>\n<p>\t\t\t<a href=\"https:\/\/dimedia.pl\/index.php\/officium\/\" role=\"button\"><br \/>\n\t\t\t\t\t\tDowiedz si\u0119 wi\u0119cej<br \/>\n\t\t\t\t\t<\/a><\/p>\n<h2>Interesuje Pa\u0144stwa wsp\u00f3\u0142praca? Zapraszamy do kontaktu.<\/h2>\n<p>\t\t\t<a href=\"https:\/\/dimedia.pl\/index.php\/kontakt\/\" role=\"button\"><br \/>\n\t\t\t\t\t\tkontakt<br \/>\n\t\t\t\t\t<\/a><\/p>\n","protected":false},"excerpt":{"rendered":"<p>Szukaj\u0105 Pa\u0144stwo jednorazowego projektu? A mo\u017ce potrzebna jest sp\u00f3jna, rozbudowana kampania reklamowa, kt\u00f3ra na ka\u017cdym etapie b\u0119dzie powierzona specjalistom? Jeste\u015bmy wielozadaniowi. Realizujemy zar\u00f3wno drobne, pojedyncze zlecenia, jak i du\u017ce, skomplikowane projekty. Wi\u0119cej informacji Nasza oferta Komunikacja zewn\u0119trzna i wewn\u0119trzna Oryginalny pomys\u0142, ambitna wizja, \u015bmia\u0142y plan \u2013 to podstawa sukcesu. R\u00f3wnie wa\u017cne s\u0105 jednak umiej\u0119tne przygotowanie [&hellip;]<\/p>\n","protected":false},"author":1,"featured_media":0,"parent":0,"menu_order":0,"comment_status":"closed","ping_status":"closed","template":"","meta":{"_et_pb_use_builder":"","_et_pb_old_content":"","_et_gb_content_width":"","footnotes":""},"class_list":["post-1352","page","type-page","status-publish","hentry"],"_links":{"self":[{"href":"https:\/\/dimedia.pl\/index.php\/wp-json\/wp\/v2\/pages\/1352","targetHints":{"allow":["GET"]}}],"collection":[{"href":"https:\/\/dimedia.pl\/index.php\/wp-json\/wp\/v2\/pages"}],"about":[{"href":"https:\/\/dimedia.pl\/index.php\/wp-json\/wp\/v2\/types\/page"}],"author":[{"embeddable":true,"href":"https:\/\/dimedia.pl\/index.php\/wp-json\/wp\/v2\/users\/1"}],"replies":[{"embeddable":true,"href":"https:\/\/dimedia.pl\/index.php\/wp-json\/wp\/v2\/comments?post=1352"}],"version-history":[{"count":7,"href":"https:\/\/dimedia.pl\/index.php\/wp-json\/wp\/v2\/pages\/1352\/revisions"}],"predecessor-version":[{"id":1379,"href":"https:\/\/dimedia.pl\/index.php\/wp-json\/wp\/v2\/pages\/1352\/revisions\/1379"}],"wp:attachment":[{"href":"https:\/\/dimedia.pl\/index.php\/wp-json\/wp\/v2\/media?parent=1352"}],"curies":[{"name":"wp","href":"https:\/\/api.w.org\/{rel}","templated":true}]}}